{"id":124,"date":"2025-01-10T02:45:49","date_gmt":"2025-01-10T02:45:49","guid":{"rendered":"https:\/\/www.grouptopia.org\/?page_id=124"},"modified":"2026-01-30T12:53:14","modified_gmt":"2026-01-30T12:53:14","slug":"stiftelsen","status":"publish","type":"page","link":"https:\/\/www.grouptopia.org\/en\/stiftelsen\/","title":{"rendered":"Stiftelsen"},"content":{"rendered":"\t\t<div data-elementor-type=\"wp-page\" data-elementor-id=\"124\" class=\"elementor elementor-124\" data-elementor-post-type=\"page\">\n\t\t\t\t<div class=\"elementor-element elementor-element-869b8f4 e-flex e-con-boxed e-con e-parent\" data-id=\"869b8f4\" data-element_type=\"container\" data-e-type=\"container\">\n\t\t\t\t\t<div class=\"e-con-inner\">\n\t\t\t\t<div class=\"elementor-element elementor-element-256847ae elementor-widget elementor-widget-text-editor\" data-id=\"256847ae\" data-element_type=\"widget\" data-e-type=\"widget\" data-widget_type=\"text-editor.default\">\n\t\t\t\t<div class=\"elementor-widget-container\">\n\t\t\t\t\t\t\t\t\t<p style=\"text-align: left;\">Insamlingsstiftelsen GroupTopia (grundad av Christina och Vigo Silfverlin) har sin bakgrund i att grundarna \u00e4r synnerligen oroade f\u00f6r vart m\u00e4nskligheten \u00e4r p\u00e5 v\u00e4g och vi tror inte vi \u00e4r ensamma i denna oro.<\/p><p style=\"text-align: left;\">Vi har ocks\u00e5 evidens f\u00f6r en v\u00e4g tillbaka till ursprunget \u2026 den fredliga och medm\u00e4nskliga unika varelsen som vi var fr\u00e5n b\u00f6rjan. Detta \u00e4r orsaken till bildandet av Stiftelsen och boken \u00e4r en startpunkt. V\u00e5r m\u00e5lgrupp \u00e4r folket. Formen, en stiftelse, f\u00f6r att skydda Stiftelsens tillg\u00e5ngar fr\u00e5n girighet. En stiftelse med full insyn. Stiftelsen \u00e4r religi\u00f6st och politiskt frist\u00e5ende.<\/p><p style=\"text-align: left;\">Stiftelsens engagemang fokuserar \u00f6versk\u00e5dligt p\u00e5 tv\u00e5 grupper. P\u00e5 de sm\u00e5 barnen f\u00f6r att beh\u00e5lla deras ursprung och unikhet och att f\u00f6rbygga f\u00f6rskjutningar i\u00a0 deras ursprung, samt en v\u00e4g tillbaka f\u00f6r de som har f\u00f6rskjutits fr\u00e5n det ursprungliga. I den senare gruppen t\u00e4nker vi p\u00e5 v\u00e5rdnadshavare och andra kring de sm\u00e5 barnen, samt de som upplever utmattningssyndrom och emotionell ensamhet.<\/p><p style=\"text-align: left;\">Stiftelsens skall i alla sina f\u00f6rehavanden str\u00e4va efter att erbjuda en upplevelse av \u00f6msesidig tillit och likv\u00e4rdighet.<\/p><h5>Vill Du ocks\u00e5 P\u00e5verka Framtiden<\/h5><p>K\u00e4nner du ett engagemang i ledorden:<\/p><ul><li>M\u00e4nniskors Lika V\u00e4rde !<\/li><li>Medm\u00e4nsklighet !<\/li><li>Gemenskap &#8211; kontra k\u00e4nslom\u00e4ssig ensamhet och psykisk oh\u00e4lsa !<\/li><li>Barnen \u00e4r Framtiden &#8211; skolan !<\/li><\/ul><p>Stiftarna har arbetat med detta i 25 \u00e5r och vill dela med oss samt ha ett fritt utbyte med er.<br \/>Du som kanske vill bidra och p\u00e5verka Framtiden kring ledorden, kontakta stiftelsen.<\/p><p style=\"text-align: left;\"><strong><br \/>Stiftelsen str\u00e4var efter:<\/strong><\/p><p style=\"text-align: center;\"><em>\u2026 att varje m\u00e4nniska \u00e4r en unik m\u00e4nniska varken mer eller mindre \u2013 vi \u00e4r alla likv\u00e4rdiga <\/em><br \/><em>\u2026 att varje m\u00e4nniska har f\u00f6rl\u00e4nats med olika utvecklingsbara f\u00f6rm\u00e5gor,<\/em><br \/><em>som vi m\u00e4nniskor gemensamt beh\u00f6ver bidra med till artens fortbest\u00e5nd<\/em><br \/><em>\u2026 att med m\u00e4nniskan som dominator bland arterna p\u00e5 planeten har vi alla ocks\u00e5 <\/em><br \/><em>ett gemensamt \u00f6vergripande ansvar f\u00f6r hela planeten &#8211; i alla avseenden.<\/em><\/p><p><!-- \/wp:paragraph --><\/p>\t\t\t\t\t\t\t\t<\/div>\n\t\t\t\t<\/div>\n\t\t\t\t\t<\/div>\n\t\t\t\t<\/div>\n\t\t<div class=\"elementor-element elementor-element-b367ee9 e-flex e-con-boxed e-con e-parent\" data-id=\"b367ee9\" data-element_type=\"container\" data-e-type=\"container\">\n\t\t\t\t\t<div class=\"e-con-inner\">\n\t\t\t\t<div class=\"elementor-element elementor-element-8b7e9c8 elementor-widget elementor-widget-heading\" data-id=\"8b7e9c8\" data-element_type=\"widget\" data-e-type=\"widget\" data-widget_type=\"heading.default\">\n\t\t\t\t<div class=\"elementor-widget-container\">\n\t\t\t\t\t<h6 class=\"elementor-heading-title elementor-size-default\">Stiftelsen<\/h6>\t\t\t\t<\/div>\n\t\t\t\t<\/div>\n\t\t\t\t<div class=\"elementor-element elementor-element-f70f38b elementor-widget elementor-widget-wp-widget-sermonaddons_blog_list\" data-id=\"f70f38b\" data-element_type=\"widget\" data-e-type=\"widget\" data-widget_type=\"wp-widget-sermonaddons_blog_list.default\">\n\t\t\t\t<div class=\"elementor-widget-container\">\n\t\t\t\t\t\t\t\r\n\t\t        \r\n        <div class=\"widget_block\">\r\n            \r\n\t\t\t            <div class=\"sermon_page sermon_wrap layout_folio_2\">\r\n\t\t\t\r\n            \t          \t<div class=\"sermon_post  post-2559 post type-post status-publish format-standard hentry category-stiftelsen\">           \t\r\n\t\t\t\r\n                    \r\n                \r\n                <div class=\"sermon_inn tmnf_border tranz\">\r\n\r\n                    <div class=\"clearfix\"><\/div>\r\n        \r\n                    <h2 class=\"posttitle\"><a class=\"link link--forsure\" href=\"https:\/\/www.grouptopia.org\/en\/godkant-naringsverksamhet\/\">Godk\u00e4nt N\u00e4ringsverksamhet<\/a><\/h2>  \r\n            \r\n                       \r\n\t<p class=\"meta \">\r\n\t\t<span class=\"post-date\">2025-11-08<span class=\"divider\">&bull;<\/span><\/span>\r\n        <span class=\"categs\"><a href=\"https:\/\/www.grouptopia.org\/en\/category\/stiftelsen\/\" rel=\"category tag\">Stiftelsen<\/a><\/span>\r\n    <\/p>\r\n                \r\n                                            <p class=\"teaser\">Den 8 november fick stiftelsen detta godk\u00e4nt och registrerat hos L\u00e4nsstyrelsen.<\/p>\r\n                                    \r\n                       \r\n\t<span class=\"meta meta_more \">\r\n    \t\t<a class=\"rad_big tmnf_border\" href=\"https:\/\/www.grouptopia.org\/en\/godkant-naringsverksamhet\/\">Read More &rarr;<\/a>\r\n\r\n    <\/span>\r\n                \r\n                <\/div><!-- end .item_inn -->\r\n\r\n                <div class=\"clearfix\"><\/div>\r\n        \r\n            <\/div>\r\n\t\t\t\r\n            \t          \t<div class=\"sermon_post  post-2556 post type-post status-publish format-standard hentry category-stiftelsen\">           \t\r\n\t\t\t\r\n                    \r\n                \r\n                <div class=\"sermon_inn tmnf_border tranz\">\r\n\r\n                    <div class=\"clearfix\"><\/div>\r\n        \r\n                    <h2 class=\"posttitle\"><a class=\"link link--forsure\" href=\"https:\/\/www.grouptopia.org\/en\/ansokning-till-naringsverksamhet\/\">Ans\u00f6kning till N\u00e4ringsverksamhet<\/a><\/h2>  \r\n            \r\n                       \r\n\t<p class=\"meta \">\r\n\t\t<span class=\"post-date\">2025-09-26<span class=\"divider\">&bull;<\/span><\/span>\r\n        <span class=\"categs\"><a href=\"https:\/\/www.grouptopia.org\/en\/category\/stiftelsen\/\" rel=\"category tag\">Stiftelsen<\/a><\/span>\r\n    <\/p>\r\n                \r\n                                            <p class=\"teaser\">Stiftelsen skall ju kunna s\u00e4lja boken och p\u00e5 sikt bedriva n\u00e4ringsverksamhet som att erbjuda olika workshops och att kunna starta b\u00e5de f\u00f6rskola och grundskola. Den 26 september ans\u00f6kte d\u00e4rf\u00f6r stiftelsen om att f\u00e5 bedriva n\u00e4ringsverksamhet.<\/p>\r\n                                    \r\n                       \r\n\t<span class=\"meta meta_more \">\r\n    \t\t<a class=\"rad_big tmnf_border\" href=\"https:\/\/www.grouptopia.org\/en\/ansokning-till-naringsverksamhet\/\">Read More &rarr;<\/a>\r\n\r\n    <\/span>\r\n                \r\n                <\/div><!-- end .item_inn -->\r\n\r\n                <div class=\"clearfix\"><\/div>\r\n        \r\n            <\/div>\r\n\t\t\t\r\n            \t          \t<div class=\"sermon_post  post-2554 post type-post status-publish format-standard hentry category-stiftelsen\">           \t\r\n\t\t\t\r\n                    \r\n                \r\n                <div class=\"sermon_inn tmnf_border tranz\">\r\n\r\n                    <div class=\"clearfix\"><\/div>\r\n        \r\n                    <h2 class=\"posttitle\"><a class=\"link link--forsure\" href=\"https:\/\/www.grouptopia.org\/en\/godkand-insamlingsstiftelse\/\">Godk\u00e4nd Insamlingsstiftelse<\/a><\/h2>  \r\n            \r\n                       \r\n\t<p class=\"meta \">\r\n\t\t<span class=\"post-date\">2025-08-21<span class=\"divider\">&bull;<\/span><\/span>\r\n        <span class=\"categs\"><a href=\"https:\/\/www.grouptopia.org\/en\/category\/stiftelsen\/\" rel=\"category tag\">Stiftelsen<\/a><\/span>\r\n    <\/p>\r\n                \r\n                                            <p class=\"teaser\">Insamlingsstiftelsen GroupTopia blev godk\u00e4nd av L\u00e4nsstyrelsen<\/p>\r\n                                    \r\n                       \r\n\t<span class=\"meta meta_more \">\r\n    \t\t<a class=\"rad_big tmnf_border\" href=\"https:\/\/www.grouptopia.org\/en\/godkand-insamlingsstiftelse\/\">Read More &rarr;<\/a>\r\n\r\n    <\/span>\r\n                \r\n                <\/div><!-- end .item_inn -->\r\n\r\n                <div class=\"clearfix\"><\/div>\r\n        \r\n            <\/div>\r\n\t\t\t\r\n            \t          \t<div class=\"sermon_post  post-2552 post type-post status-publish format-standard hentry category-stiftelsen\">           \t\r\n\t\t\t\r\n                    \r\n                \r\n                <div class=\"sermon_inn tmnf_border tranz\">\r\n\r\n                    <div class=\"clearfix\"><\/div>\r\n        \r\n                    <h2 class=\"posttitle\"><a class=\"link link--forsure\" href=\"https:\/\/www.grouptopia.org\/en\/gor-om-gor-ratt\/\">G\u00f6r om \u2013 g\u00f6r r\u00e4tt<\/a><\/h2>  \r\n            \r\n                       \r\n\t<p class=\"meta \">\r\n\t\t<span class=\"post-date\">2025-06-26<span class=\"divider\">&bull;<\/span><\/span>\r\n        <span class=\"categs\"><a href=\"https:\/\/www.grouptopia.org\/en\/category\/stiftelsen\/\" rel=\"category tag\">Stiftelsen<\/a><\/span>\r\n    <\/p>\r\n                \r\n                                            <p class=\"teaser\">Skickades en ny ans\u00f6kan in till L\u00e4nsstyrelsen.<\/p>\r\n                                    \r\n                       \r\n\t<span class=\"meta meta_more \">\r\n    \t\t<a class=\"rad_big tmnf_border\" href=\"https:\/\/www.grouptopia.org\/en\/gor-om-gor-ratt\/\">Read More &rarr;<\/a>\r\n\r\n    <\/span>\r\n                \r\n                <\/div><!-- end .item_inn -->\r\n\r\n                <div class=\"clearfix\"><\/div>\r\n        \r\n            <\/div>\r\n\t\t\t\t\t\t<\/div>\r\n            \r\n            \r\n            \t\t\t\t\r\n\t\t\t\t\t<a class=\"mainbutton\" href=\"https:\/\/www.grouptopia.org\/nyheter\/\">\u00c4ldre Inl\u00e4gg  &rarr;<\/a>\r\n\t\t\t\t\r\n\t\t\t            \r\n\t\t\t<div class=\"clearfix\"><\/div>\r\n            \r\n        <\/div>\r\n\t\t\r\n\t\t\t\t\t\t<\/div>\n\t\t\t\t<\/div>\n\t\t\t\t<div class=\"elementor-element elementor-element-a3be159 elementor-widget elementor-widget-heading\" data-id=\"a3be159\" data-element_type=\"widget\" data-e-type=\"widget\" data-widget_type=\"heading.default\">\n\t\t\t\t<div class=\"elementor-widget-container\">\n\t\t\t\t\t<h6 class=\"elementor-heading-title elementor-size-default\">Boken<\/h6>\t\t\t\t<\/div>\n\t\t\t\t<\/div>\n\t\t\t\t<div class=\"elementor-element elementor-element-41194ba elementor-widget elementor-widget-wp-widget-sermonaddons_blog_list\" data-id=\"41194ba\" data-element_type=\"widget\" data-e-type=\"widget\" data-widget_type=\"wp-widget-sermonaddons_blog_list.default\">\n\t\t\t\t<div class=\"elementor-widget-container\">\n\t\t\t\t\t\t\t\r\n\t\t        \r\n        <div class=\"widget_block\">\r\n            \r\n\t\t\t            <div class=\"sermon_page sermon_wrap layout_folio_2\">\r\n\t\t\t\r\n            \t          \t<div class=\"sermon_post  post-2571 post type-post status-publish format-standard hentry category-boken\">           \t\r\n\t\t\t\r\n                    \r\n                \r\n                <div class=\"sermon_inn tmnf_border tranz\">\r\n\r\n                    <div class=\"clearfix\"><\/div>\r\n        \r\n                    <h2 class=\"posttitle\"><a class=\"link link--forsure\" href=\"https:\/\/www.grouptopia.org\/en\/bokleverans\/\">Bokleverans<\/a><\/h2>  \r\n            \r\n                       \r\n\t<p class=\"meta \">\r\n\t\t<span class=\"post-date\">2025-12-01<span class=\"divider\">&bull;<\/span><\/span>\r\n        <span class=\"categs\"><a href=\"https:\/\/www.grouptopia.org\/en\/category\/boken\/\" rel=\"category tag\">Boken<\/a><\/span>\r\n    <\/p>\r\n                \r\n                                            <p class=\"teaser\">P\u00e5 tidig kv\u00e4ll den 1 december kommer 1.000 b\u00f6cker p\u00e5 en europall till G\u00f6teborg. 792 kilo totalt. Gl\u00e4djen \u00e4r stor!<\/p>\r\n                                    \r\n                       \r\n\t<span class=\"meta meta_more \">\r\n    \t\t<a class=\"rad_big tmnf_border\" href=\"https:\/\/www.grouptopia.org\/en\/bokleverans\/\">Read More &rarr;<\/a>\r\n\r\n    <\/span>\r\n                \r\n                <\/div><!-- end .item_inn -->\r\n\r\n                <div class=\"clearfix\"><\/div>\r\n        \r\n            <\/div>\r\n\t\t\t\r\n            \t          \t<div class=\"sermon_post  post-2569 post type-post status-publish format-standard hentry category-boken\">           \t\r\n\t\t\t\r\n                    \r\n                \r\n                <div class=\"sermon_inn tmnf_border tranz\">\r\n\r\n                    <div class=\"clearfix\"><\/div>\r\n        \r\n                    <h2 class=\"posttitle\"><a class=\"link link--forsure\" href=\"https:\/\/www.grouptopia.org\/en\/boken-trycks\/\">Boken trycks<\/a><\/h2>  \r\n            \r\n                       \r\n\t<p class=\"meta \">\r\n\t\t<span class=\"post-date\">2025-10-27<span class=\"divider\">&bull;<\/span><\/span>\r\n        <span class=\"categs\"><a href=\"https:\/\/www.grouptopia.org\/en\/category\/boken\/\" rel=\"category tag\">Boken<\/a><\/span>\r\n    <\/p>\r\n                \r\n                                            <p class=\"teaser\">Idag skickades tryckfiler till tryckeriet, som ber\u00e4knar leverans i G\u00f6teborg den 3 december.<\/p>\r\n                                    \r\n                       \r\n\t<span class=\"meta meta_more \">\r\n    \t\t<a class=\"rad_big tmnf_border\" href=\"https:\/\/www.grouptopia.org\/en\/boken-trycks\/\">Read More &rarr;<\/a>\r\n\r\n    <\/span>\r\n                \r\n                <\/div><!-- end .item_inn -->\r\n\r\n                <div class=\"clearfix\"><\/div>\r\n        \r\n            <\/div>\r\n\t\t\t\t\t\t<\/div>\r\n            \r\n            \r\n            \t\t\t\t\r\n\t\t\t\t\t<a class=\"mainbutton\" href=\"https:\/\/www.grouptopia.org\/nyheter\/\">\u00c4ldre Inl\u00e4gg  &rarr;<\/a>\r\n\t\t\t\t\r\n\t\t\t            \r\n\t\t\t<div class=\"clearfix\"><\/div>\r\n            \r\n        <\/div>\r\n\t\t\r\n\t\t\t\t\t\t<\/div>\n\t\t\t\t<\/div>\n\t\t\t\t\t<\/div>\n\t\t\t\t<\/div>\n\t\t<div class=\"elementor-element elementor-element-1a94aca e-flex e-con-boxed e-con e-parent\" data-id=\"1a94aca\" data-element_type=\"container\" data-e-type=\"container\">\n\t\t\t\t\t<div class=\"e-con-inner\">\n\t\t\t\t<div class=\"elementor-element elementor-element-ac27003 elementor-widget elementor-widget-html\" data-id=\"ac27003\" data-element_type=\"widget\" data-e-type=\"widget\" data-widget_type=\"html.default\">\n\t\t\t\t<div class=\"elementor-widget-container\">\n\t\t\t\t\t<div id=\"mc_embed_shell\">\n      <link href=\"\/\/cdn-images.mailchimp.com\/embedcode\/classic-061523.css\" rel=\"stylesheet\" type=\"text\/css\">\n\t<style type=\"text\/css\"> #mc_embed_signup {width: 100%; background: transparent !important;text-align: left; font-size: 17px; font-family: DM Sans, Arial, sans-serif; font-weight: 400; line-height: 1.8; margin-top: -10px; color: #000033; \/* Force transparent background *\/ }\n        \/* Add your own Mailchimp form style overrides in your site stylesheet or in this style block.\n           We recommend moving this block and the preceding CSS link to the HEAD of your HTML file. *\/\n<\/style>\n<div id=\"mc_embed_signup\">\n    <form action=\"https:\/\/grouptopia.us13.list-manage.com\/subscribe\/post?u=b0940e324c56f84ebe334fded&amp;id=7d600b24c0&amp;f_id=004944e1f0\" method=\"post\" id=\"mc-embedded-subscribe-form\" name=\"mc-embedded-subscribe-form\" class=\"validate\" target=\"_blank\">\n        <div id=\"mc_embed_signup_scroll\">\n            <div class=\"indicates-required\"><span class=\"asterisk\">*<\/span>obligatoriskt\n            <\/div>\n            <div class=\"mc-field-group\"><label for=\"mce-EMAIL\">Email <span class=\"asterisk\">*<\/span><\/label><input type=\"email\" name=\"EMAIL\" class=\"required email\" id=\"mce-EMAIL\" required=\"\" value=\"\"><\/div><div class=\"mc-field-group\"><label for=\"mce-FNAME\">Namn <span class=\"asterisk\">*<\/span><\/label><input type=\"text\" name=\"FNAME\" class=\"required text\" id=\"mce-FNAME\" required=\"\" value=\"\"><\/div><div class=\"mc-field-group input-group\"><strong>V\u00e4lj vilken information du vill f\u00e5 <\/strong><ul><li><input type=\"checkbox\" name=\"group[403907][1]\" id=\"mce-group[403907]-403907-0\" value=\"\"><label for=\"mce-group[403907]-403907-0\"> Nyhetsbrev<\/label><\/li><li><input type=\"checkbox\" name=\"group[403907][2]\" id=\"mce-group[403907]-403907-1\" value=\"\"><label for=\"mce-group[403907]-403907-1\"> \u00d6nskar f\u00e5 information om Donationer<\/label><\/li><li><input type=\"checkbox\" name=\"group[403907][4]\" id=\"mce-group[403907]-403907-2\" value=\"\"><label for=\"mce-group[403907]-403907-2\"> \u00d6nskar Reservera bok<\/label><\/li><li><input type=\"checkbox\" name=\"group[403907][16]\" id=\"mce-group[403907]-403907-3\" value=\"\"><label for=\"mce-group[403907]-403907-3\"> \u00d6nskar delta i Bokcirkel<\/label><\/li><li><input type=\"checkbox\" name=\"group[403907][8192]\" id=\"mce-group[403907]-403907-4\" value=\"\"><label for=\"mce-group[403907]-403907-4\"> \u00d6nskar information f\u00f6r f\u00f6r\u00e4ldraskap och blivande f\u00f6r\u00e4ldrar<\/label><\/li><li><input type=\"checkbox\" name=\"group[403907][16384]\" id=\"mce-group[403907]-403907-5\" value=\"\"><label for=\"mce-group[403907]-403907-5\"> \u00d6nskar information f\u00f6r psykisk oh\u00e4lsa och ofrivillig ensamhet<\/label><\/li><li><input type=\"checkbox\" name=\"group[403907][32]\" id=\"mce-group[403907]-403907-6\" value=\"\"><label for=\"mce-group[403907]-403907-6\"> \u00d6nskar arbeta som GroupTopia handledare i skolan<\/label><\/li><li><input type=\"checkbox\" name=\"group[403907][64]\" id=\"mce-group[403907]-403907-7\" value=\"\"><label for=\"mce-group[403907]-403907-7\"> Jobba som GroupTopia f\u00f6rskolel\u00e4rare<\/label><\/li><li><input type=\"checkbox\" name=\"group[403907][128]\" id=\"mce-group[403907]-403907-8\" value=\"\"><label for=\"mce-group[403907]-403907-8\"> Jobba som GroupTopia l\u00e4rare<\/label><\/li><li><input type=\"checkbox\" name=\"group[403907][256]\" id=\"mce-group[403907]-403907-9\" value=\"\"><label for=\"mce-group[403907]-403907-9\"> \u00d6nskar information om volont\u00e4rsinsats<\/label><\/li><li><input type=\"checkbox\" name=\"group[403907][512]\" id=\"mce-group[403907]-403907-10\" value=\"\"><label for=\"mce-group[403907]-403907-10\"> G\u00e5 en GroupTopia workshop 4 tillf\u00e4llen 2 timmar vardera<\/label><\/li><li><input type=\"checkbox\" name=\"group[403907][1024]\" id=\"mce-group[403907]-403907-11\" value=\"\"><label for=\"mce-group[403907]-403907-11\"> G\u00e5 en 5-dagars GroupTopia workshop<\/label><\/li><li><input type=\"checkbox\" name=\"group[403907][32768]\" id=\"mce-group[403907]-403907-12\" value=\"\"><label for=\"mce-group[403907]-403907-12\"> Arbeta som GroupTopia handledare i workshops<\/label><\/li><li><input type=\"checkbox\" name=\"group[403907][2048]\" id=\"mce-group[403907]-403907-13\" value=\"\"><label for=\"mce-group[403907]-403907-13\"> Intresserad av styrelsearbete i Stiftelsen<\/label><\/li><li><input type=\"checkbox\" name=\"group[403907][4096]\" id=\"mce-group[403907]-403907-14\" value=\"\"><label for=\"mce-group[403907]-403907-14\"> \u00d6nskar arbeta i Stiftelsen<\/label><\/li><li><input type=\"checkbox\" name=\"group[403907][8]\" id=\"mce-group[403907]-403907-15\" value=\"\"><label for=\"mce-group[403907]-403907-15\"> \u00d6nskar st\u00f6dja eller samarbeta med Stiftelsen<\/label><\/li><\/ul><\/div>\n    <div id=\"mce-responses\" class=\"clear\">\n            <div class=\"response\" id=\"mce-error-response\" style=\"display: none;\"><\/div>\n            <div class=\"response\" id=\"mce-success-response\" style=\"display: none;\"><\/div>\n        <\/div>\n        <div aria-hidden=\"true\" style=\"position: absolute; left: -5000px;\">\n  <input type=\"text\" name=\"b_b0940e324c56f84ebe334fded_7d600b24c0\" tabindex=\"-1\" value=\"\">\n<\/div>\n\n<div class=\"clear\">\n  <input type=\"submit\" name=\"subscribe\" id=\"mc-embedded-subscribe\" class=\"button\" \n    value=\"Skicka mer information\" \n    style=\"background-color: #009933; color: white; font-size: 17px; font-family: DMSans, Arial, sans-serif; font-weight: 400; \n           padding: 5px 25px; border: none; border-radius: 20px; cursor: pointer; transition: background 0.3s ease; \n           text-align: center; display: inline-block; line-height: 1.5;\"><\/div>\n\n<style>\n  #mc-embedded-subscribe:hover {\n    background-color: #660066 !important;\n  }\n<\/style>\n    <\/div>\n<\/form>\n<\/div>\n<script type=\"text\/javascript\" src=\"\/\/s3.amazonaws.com\/downloads.mailchimp.com\/js\/mc-validate.js\"><\/script><script type=\"text\/javascript\">(function($) {window.fnames = new Array(); window.ftypes = new Array();fnames[0]='EMAIL';ftypes[0]='email';fnames[1]='FNAME';ftypes[1]='text';fnames[2]='LNAME';ftypes[2]='text';fnames[3]='ADDRESS';ftypes[3]='address';fnames[4]='PHONE';ftypes[4]='phone';fnames[5]='BIRTHDAY';ftypes[5]='birthday';fnames[6]='COMPANY';ftypes[6]='text';}(jQuery));var $mcj = jQuery.noConflict(true);<\/script><\/div>\n\t\t\t\t<\/div>\n\t\t\t\t<\/div>\n\t\t\t\t\t<\/div>\n\t\t\t\t<\/div>\n\t\t\t\t<\/div>\n\t\t","protected":false},"excerpt":{"rendered":"<div class=\"tmnf_excerpt\"><p>Insamlingsstiftelsen GroupTopia (grundad av Christina och Vigo Silfverlin) har sin bakgrund i att grundarna \u00e4r synnerligen oroade f\u00f6r vart m\u00e4nskligheten \u00e4r p\u00e5 v\u00e4g och vi tror inte vi \u00e4r ensamma i denna oro. Vi har ocks\u00e5 evidens f\u00f6r en v\u00e4g tillbaka till ursprunget \u2026 den fredliga och medm\u00e4nskliga unika varelsen som vi var fr\u00e5n b\u00f6rjan. &hellip;<\/p>\n<\/div>","protected":false},"author":3,"featured_media":307,"parent":0,"menu_order":0,"comment_status":"closed","ping_status":"closed","template":"elementor_theme","meta":{"footnotes":""},"class_list":["post-124","page","type-page","status-publish","has-post-thumbnail","hentry"],"_links":{"self":[{"href":"https:\/\/www.grouptopia.org\/en\/wp-json\/wp\/v2\/pages\/124","targetHints":{"allow":["GET"]}}],"collection":[{"href":"https:\/\/www.grouptopia.org\/en\/wp-json\/wp\/v2\/pages"}],"about":[{"href":"https:\/\/www.grouptopia.org\/en\/wp-json\/wp\/v2\/types\/page"}],"author":[{"embeddable":true,"href":"https:\/\/www.grouptopia.org\/en\/wp-json\/wp\/v2\/users\/3"}],"replies":[{"embeddable":true,"href":"https:\/\/www.grouptopia.org\/en\/wp-json\/wp\/v2\/comments?post=124"}],"version-history":[{"count":44,"href":"https:\/\/www.grouptopia.org\/en\/wp-json\/wp\/v2\/pages\/124\/revisions"}],"predecessor-version":[{"id":2653,"href":"https:\/\/www.grouptopia.org\/en\/wp-json\/wp\/v2\/pages\/124\/revisions\/2653"}],"wp:featuredmedia":[{"embeddable":true,"href":"https:\/\/www.grouptopia.org\/en\/wp-json\/wp\/v2\/media\/307"}],"wp:attachment":[{"href":"https:\/\/www.grouptopia.org\/en\/wp-json\/wp\/v2\/media?parent=124"}],"curies":[{"name":"wp","href":"https:\/\/api.w.org\/{rel}","templated":true}]}}