{"id":128,"date":"2025-01-10T02:46:51","date_gmt":"2025-01-10T02:46:51","guid":{"rendered":"https:\/\/www.grouptopia.org\/?page_id=128"},"modified":"2025-11-27T00:06:15","modified_gmt":"2025-11-27T00:06:15","slug":"forskning","status":"publish","type":"page","link":"https:\/\/www.grouptopia.org\/en\/forskning\/","title":{"rendered":"Forskning"},"content":{"rendered":"<div data-elementor-type=\"wp-page\" data-elementor-id=\"128\" class=\"elementor elementor-128\" data-elementor-post-type=\"page\">\n\t\t\t\t<div class=\"elementor-element elementor-element-0c088f9 e-con-full e-flex e-con e-parent\" data-id=\"0c088f9\" data-element_type=\"container\" data-e-type=\"container\">\n\t\t\t\t<div class=\"elementor-element elementor-element-4952c07 elementor-widget elementor-widget-text-editor\" data-id=\"4952c07\" data-element_type=\"widget\" data-e-type=\"widget\" data-widget_type=\"text-editor.default\">\n\t\t\t\t<div class=\"elementor-widget-container\">\n\t\t\t\t\t\t\t\t\t<p><span style=\"font-weight: 400;\">Forskning kring m\u00e4nniskans psyke \u00e4r komplicerat. Allt samspel mellan m\u00e4nniskor p\u00e5verkar, inte bara de inblandade, utan kan \u00e4ven p\u00e5verka i stort. Detta g\u00e4ller med \u00e4nnu st\u00f6rre effekt\u00a0 i smartphonetider med AI baserat lyssnande och returnerade anv\u00e4ndaranpassade budskap.<\/span><\/p><p><span style=\"font-weight: 400;\">Ofta fokuserar man p\u00e5 den enskilda individen och st\u00e4ller beteendebaserade diagnoser men samspelsbakgrunden \u00e4r oftast h\u00f6ljt i dunkel. Hela samh\u00e4llet \u00e4r allt mer individualiserat och med allt mindre djupare gemenskap. GroupTopia \u00e4r alltmer s\u00e4llsynt.<\/span><\/p><p><span style=\"font-weight: 400;\">Man kan inte heller fastsl\u00e5 vad som kan h\u00e4rledas till arv och vad som \u00e4r milj\u00f6betingat. Svaret p\u00e5 denna fr\u00e5ga ger vi oss inte in p\u00e5. D\u00e4remot hoppas vi p\u00e5 att Stiftelsens\u00a0 arbete inbjuder till forskning som kan komma att kasta nytt ljus \u00f6ver till\u00e4mpning av metodiken i de mi\u00e5lgruppers som stiftelsen kommer att engagera sig i.<\/span><\/p><p><span style=\"font-weight: 400;\">Stiftelsen efterstr\u00e4var att skapa tillitsfulla och likv\u00e4rdiga milj\u00f6er. Detta f\u00f6rverkligas i s\u00e4rskilt utformade koncept. Foskningsbakgrunden \u00e4r fr\u00e4mst att h\u00e4mta fr\u00e5n psykologiprofessorn Abraham Maslows motivationsteori, PhD i psykologi Will Schutz med grupputvecklingsteori FIRO samt John Bowlby och Mary Ainsworth anknytningsteori. Maslows id\u00e9 om den i grunden v\u00e4nliga och fredliga m\u00e4nniska, Schutz grupputvecklingsteori, Bowlby grundl\u00e4ggande forskning kring anknytning och Ainsworth senare uppdelning i olika trygghetsstadier utg\u00f6r ett b\u00e4rande fundament f\u00f6r utvecklingen av v\u00e5ra koncept. Will empiriska studier och teorier utvecklades p\u00e5 Esalen Institute\u00a0 tillsammans med personer som Maslow, Ida Rolf, Moshe Feldenkrais, Fritz Perls, Timothy Leary och Alexander Lowen.<\/span><\/p>\t\t\t\t\t\t\t\t<\/div>\n\t\t\t\t<\/div>\n\t\t\t\t<\/div>\n\t\t\t\t<\/div>","protected":false},"excerpt":{"rendered":"<div class=\"tmnf_excerpt\"><p>Forskning kring m\u00e4nniskans psyke \u00e4r komplicerat. Allt samspel mellan m\u00e4nniskor p\u00e5verkar, inte bara de inblandade, utan kan \u00e4ven p\u00e5verka i stort. Detta g\u00e4ller med \u00e4nnu st\u00f6rre effekt\u00a0 i smartphonetider med AI baserat lyssnande och returnerade anv\u00e4ndaranpassade budskap. Ofta fokuserar man p\u00e5 den enskilda individen och st\u00e4ller beteendebaserade diagnoser men samspelsbakgrunden \u00e4r oftast h\u00f6ljt i dunkel. &hellip;<\/p>\n<\/div>","protected":false},"author":3,"featured_media":328,"parent":0,"menu_order":0,"comment_status":"closed","ping_status":"closed","template":"","meta":{"footnotes":""},"class_list":["post-128","page","type-page","status-publish","has-post-thumbnail","hentry"],"_links":{"self":[{"href":"https:\/\/www.grouptopia.org\/en\/wp-json\/wp\/v2\/pages\/128","targetHints":{"allow":["GET"]}}],"collection":[{"href":"https:\/\/www.grouptopia.org\/en\/wp-json\/wp\/v2\/pages"}],"about":[{"href":"https:\/\/www.grouptopia.org\/en\/wp-json\/wp\/v2\/types\/page"}],"author":[{"embeddable":true,"href":"https:\/\/www.grouptopia.org\/en\/wp-json\/wp\/v2\/users\/3"}],"replies":[{"embeddable":true,"href":"https:\/\/www.grouptopia.org\/en\/wp-json\/wp\/v2\/comments?post=128"}],"version-history":[{"count":28,"href":"https:\/\/www.grouptopia.org\/en\/wp-json\/wp\/v2\/pages\/128\/revisions"}],"predecessor-version":[{"id":2372,"href":"https:\/\/www.grouptopia.org\/en\/wp-json\/wp\/v2\/pages\/128\/revisions\/2372"}],"wp:featuredmedia":[{"embeddable":true,"href":"https:\/\/www.grouptopia.org\/en\/wp-json\/wp\/v2\/media\/328"}],"wp:attachment":[{"href":"https:\/\/www.grouptopia.org\/en\/wp-json\/wp\/v2\/media?parent=128"}],"curies":[{"name":"wp","href":"https:\/\/api.w.org\/{rel}","templated":true}]}}