{"id":433,"date":"2025-01-21T20:21:33","date_gmt":"2025-01-21T20:21:33","guid":{"rendered":"https:\/\/www.grouptopia.org\/?page_id=433"},"modified":"2025-12-04T18:09:38","modified_gmt":"2025-12-04T18:09:38","slug":"stiftelseforordnande","status":"publish","type":"page","link":"https:\/\/www.grouptopia.org\/en\/stiftelseforordnande\/","title":{"rendered":"Stiftelsef\u00f6rordnande"},"content":{"rendered":"<div data-elementor-type=\"wp-page\" data-elementor-id=\"433\" class=\"elementor elementor-433\" data-elementor-post-type=\"page\">\n\t\t\t\t<div class=\"elementor-element elementor-element-6cbbef7 e-flex e-con-boxed e-con e-parent\" data-id=\"6cbbef7\" data-element_type=\"container\" data-e-type=\"container\">\n\t\t\t\t\t<div class=\"e-con-inner\">\n\t\t\t\t<div class=\"elementor-element elementor-element-0189a78 elementor-widget elementor-widget-text-editor\" data-id=\"0189a78\" data-element_type=\"widget\" data-e-type=\"widget\" data-widget_type=\"text-editor.default\">\n\t\t\t\t<div class=\"elementor-widget-container\">\n\t\t\t\t\t\t\t\t\t<p>Insamlingsstiftelsen GroupTopia bildades den 26 juni 2025 av Christina och Vigo Silfverlin.<\/p><p>Stiftelsef\u00f6rordnande och F\u00f6rvaltnings\u00e5tagande finns h\u00e4r som pdf.<\/p>\t\t\t\t\t\t\t\t<\/div>\n\t\t\t\t<\/div>\n\t\t\t\t\t<\/div>\n\t\t\t\t<\/div>\n\t\t<div class=\"elementor-element elementor-element-1e71872 e-grid e-con-boxed e-con e-parent\" data-id=\"1e71872\" data-element_type=\"container\" data-e-type=\"container\">\n\t\t\t\t\t<div class=\"e-con-inner\">\n\t\t\t\t<div class=\"elementor-element elementor-element-c2039d6 elementor-widget elementor-widget-button\" data-id=\"c2039d6\" data-element_type=\"widget\" data-e-type=\"widget\" data-widget_type=\"button.default\">\n\t\t\t\t<div class=\"elementor-widget-container\">\n\t\t\t\t\t\t\t\t\t<div class=\"elementor-button-wrapper\">\n\t\t\t\t\t<a class=\"elementor-button elementor-button-link elementor-size-sm\" href=\"https:\/\/www.grouptopia.org\/wp-content\/uploads\/2025\/12\/Insamlingsstiftelsen-GroupTopia-Stiftelseforordnande-och-Stadgar-26-juni-2025.pdf\" target=\"_blank\">\n\t\t\t\t\t\t<span class=\"elementor-button-content-wrapper\">\n\t\t\t\t\t\t\t\t\t<span class=\"elementor-button-text\">Stiftelsefo\u0308rordnande och Stadgar Insamlingstiftelsen GroupTopia<\/span>\n\t\t\t\t\t<\/span>\n\t\t\t\t\t<\/a>\n\t\t\t\t<\/div>\n\t\t\t\t\t\t\t\t<\/div>\n\t\t\t\t<\/div>\n\t\t\t\t<div class=\"elementor-element elementor-element-dbc9874 elementor-widget elementor-widget-button\" data-id=\"dbc9874\" data-element_type=\"widget\" data-e-type=\"widget\" data-widget_type=\"button.default\">\n\t\t\t\t<div class=\"elementor-widget-container\">\n\t\t\t\t\t\t\t\t\t<div class=\"elementor-button-wrapper\">\n\t\t\t\t\t<a class=\"elementor-button elementor-button-link elementor-size-sm\" href=\"https:\/\/www.grouptopia.org\/wp-content\/uploads\/2025\/12\/Insamlingsstiftelsen-GroupTopia-Forvaltningsatagande-26-juni-2025.pdf\" target=\"_blank\">\n\t\t\t\t\t\t<span class=\"elementor-button-content-wrapper\">\n\t\t\t\t\t\t\t\t\t<span class=\"elementor-button-text\">Fo\u0308rvaltningsa\u030atagande Insamlingsstiftelsen GroupTopia<\/span>\n\t\t\t\t\t<\/span>\n\t\t\t\t\t<\/a>\n\t\t\t\t<\/div>\n\t\t\t\t\t\t\t\t<\/div>\n\t\t\t\t<\/div>\n\t\t\t\t\t<\/div>\n\t\t\t\t<\/div>\n\t\t\t\t<\/div>","protected":false},"excerpt":{"rendered":"<div class=\"tmnf_excerpt\"><p>Insamlingsstiftelsen GroupTopia bildades den 26 juni 2025 av Christina och Vigo Silfverlin. Stiftelsef\u00f6rordnande och F\u00f6rvaltnings\u00e5tagande finns h\u00e4r som pdf. Stiftelsefo\u0308rordnande och Stadgar Insamlingstiftelsen GroupTopia Fo\u0308rvaltningsa\u030atagande Insamlingsstiftelsen GroupTopia<\/p>\n<\/div>","protected":false},"author":3,"featured_media":518,"parent":0,"menu_order":0,"comment_status":"closed","ping_status":"closed","template":"","meta":{"footnotes":""},"class_list":["post-433","page","type-page","status-publish","has-post-thumbnail","hentry"],"_links":{"self":[{"href":"https:\/\/www.grouptopia.org\/en\/wp-json\/wp\/v2\/pages\/433","targetHints":{"allow":["GET"]}}],"collection":[{"href":"https:\/\/www.grouptopia.org\/en\/wp-json\/wp\/v2\/pages"}],"about":[{"href":"https:\/\/www.grouptopia.org\/en\/wp-json\/wp\/v2\/types\/page"}],"author":[{"embeddable":true,"href":"https:\/\/www.grouptopia.org\/en\/wp-json\/wp\/v2\/users\/3"}],"replies":[{"embeddable":true,"href":"https:\/\/www.grouptopia.org\/en\/wp-json\/wp\/v2\/comments?post=433"}],"version-history":[{"count":19,"href":"https:\/\/www.grouptopia.org\/en\/wp-json\/wp\/v2\/pages\/433\/revisions"}],"predecessor-version":[{"id":2547,"href":"https:\/\/www.grouptopia.org\/en\/wp-json\/wp\/v2\/pages\/433\/revisions\/2547"}],"wp:featuredmedia":[{"embeddable":true,"href":"https:\/\/www.grouptopia.org\/en\/wp-json\/wp\/v2\/media\/518"}],"wp:attachment":[{"href":"https:\/\/www.grouptopia.org\/en\/wp-json\/wp\/v2\/media?parent=433"}],"curies":[{"name":"wp","href":"https:\/\/api.w.org\/{rel}","templated":true}]}}