{"id":512,"date":"2025-01-24T00:56:35","date_gmt":"2025-01-24T00:56:35","guid":{"rendered":"https:\/\/www.grouptopia.org\/?page_id=512"},"modified":"2025-11-27T00:04:52","modified_gmt":"2025-11-27T00:04:52","slug":"ledarskap","status":"publish","type":"page","link":"https:\/\/www.grouptopia.org\/en\/ledarskap\/","title":{"rendered":"Ledarskap"},"content":{"rendered":"<div data-elementor-type=\"wp-page\" data-elementor-id=\"512\" class=\"elementor elementor-512\" data-elementor-post-type=\"page\">\n\t\t\t\t<div class=\"elementor-element elementor-element-b5d4e9e e-flex e-con-boxed e-con e-parent\" data-id=\"b5d4e9e\" data-element_type=\"container\" data-e-type=\"container\">\n\t\t\t\t\t<div class=\"e-con-inner\">\n\t\t<div class=\"elementor-element elementor-element-942e407 e-con-full e-flex e-con e-child\" data-id=\"942e407\" data-element_type=\"container\" data-e-type=\"container\">\n\t\t\t\t<div class=\"elementor-element elementor-element-baf7b21 elementor-widget elementor-widget-text-editor\" data-id=\"baf7b21\" data-element_type=\"widget\" data-e-type=\"widget\" data-widget_type=\"text-editor.default\">\n\t\t\t\t<div class=\"elementor-widget-container\">\n\t\t\t\t\t\t\t\t\t<p><span style=\"font-weight: 400;\">En ledares transformering , f\u00f6rskjutning i Egenv\u00e4rdesTriangeln\u00ae och d\u00f6rrpositioner i RelationsDjup\u00ae s\u00e4tter en stark pr\u00e4gel p\u00e5 grupputvecklingen.<\/span><\/p><p><span style=\"font-weight: 400;\">En r\u00f6dare ledare, en person som upplevelser sig vara f\u00f6rmer, kommer att anv\u00e4nda de maktmedel som st\u00e5r till buds f\u00f6r att ta, beh\u00e5lla och f\u00f6rst\u00e4rka kontrollen \u00f6ver de andra. F\u00f6r denna person \u00e4r det efterstr\u00e4vansv\u00e4rt med en \u00f6verordnad position, ju h\u00f6gre desto b\u00e4ttre. Det kan ocks\u00e5 finnas andra statusmark\u00f6rer f\u00f6r att visa sig f\u00f6rmer. Om maktpositioner och statusmark\u00f6rer blir \u201dlyckosamma\u201d kan personen komma att f\u00f6rskjutas ytterligare \u00e5t det r\u00f6da.<\/span><\/p><p><span style=\"font-weight: 400;\">Detta ledarskap fokuserar p\u00e5 att gruppmedlemmarna skall vara lojala till ledaren. Denne ledare utser g\u00e4rna den mest lojale till st\u00e4llf\u00f6retr\u00e4dare, oavsett dennes kvalifikationer f\u00f6r att l\u00f6sa gruppens uppgifter. St\u00e4llf\u00f6retr\u00e4daren utg\u00f6r en skyddsbarri\u00e4r och informationsk\u00e4lla, allt f\u00f6r att ledaren skall beh\u00e5lla eller f\u00f6rst\u00e4rka kontrollen \u00f6ver de andra. I \u00f6vrigt l\u00e5ter ledaren ofta gruppmedlemmarna sj\u00e4lva utk\u00e4mpa sina inb\u00f6rdes konflikter f\u00f6r att p\u00e5 s\u00e5 s\u00e4tt etablera en rangordning i gruppen. D\u00e4rmed blir ocks\u00e5 gruppen mer effektiv. PhD Susan Wheelan har uttalat att gruppstorleken knappast kan \u00f6verstiga 4 \u2013 5 medlemmar\u00a0 f\u00f6r att detta skall lyckas.<\/span><\/p><p><span style=\"font-weight: 400;\">Denne r\u00f6dare ledare har karakt\u00e4ren av h\u00e4rskare, ju mer r\u00f6d desto mer s\u00e5.<\/span><\/p><p><span style=\"font-weight: 400;\">Det finns evidens som s\u00e4ger att ungeg\u00e4r 1% av befolkningen \u00e4r psykopater (psykopater \u00e5terfinns h\u00f6gt upp i det r\u00f6da), men evidensen visar ocks\u00e5 att ju h\u00f6gre maktpositioner desto h\u00f6gre procentsats av psykopater.<\/span><\/p><p><span style=\"font-weight: 400;\">Denne ledare \u00e4r uppgiftsfokuserad och k\u00e4nsloreaktioner visar antingen styrka eller svaghet.<\/span><\/p><p><span style=\"font-weight: 400;\">En bl\u00e5are ledare, en person som upplevelser sig att vara mindrev\u00e4rd, k\u00e4nner sig oftast obekv\u00e4m i en \u00f6verordnad position och undviker helst att hamna i den positionen.<\/span><\/p><p><span style=\"font-weight: 400;\">Om s\u00e5 nu skett kommer personen att ut\u00f6va ett \u201dl\u00e5t g\u00e5\u201d ledarskap.<\/span><\/p><p><span style=\"font-weight: 400;\">\u00a0<\/span><span style=\"font-weight: 400;\">En ledare i \u201dgr\u00e4nslandet\u201d, ingen f\u00e4rgkomponent \u00f6ver 60%, en person som upplever sig att vara lite f\u00f6rmer och lite likv\u00e4rdig andra och kan s\u00f6ka kamratskap med gruppmedlemmarna.<\/span><\/p><p><span style=\"font-weight: 400;\">Vad g\u00e4ller regelverk, s\u00e5 s\u00e4tter ledaren upp det i samarbete med gruppmedlemmarna, men regelverket kan vara otydligt. Detta kan skapa viss otrygghet men ocks\u00e5 gillas av andra i gruppen.<\/span><\/p><p><span style=\"font-weight: 400;\">Detta ledarskap fokuserar p\u00e5 att gruppmedlemmarna skall vara samarbetsvilliga och f\u00f6rs\u00f6ker l\u00f6sa allt genom dialog. Efterstr\u00e4var det som kan f\u00f6rst\u00e5s som demokrati, medlar och mildrar. Detta inneb\u00e4r att man sopar k\u00e4nsloreaktioner under mattan och ist\u00e4llet uttrycker sig positivistiskt. Grupputveckling kommer inte l\u00e4ngre \u00e4n till inkludering.<\/span><\/p><p><span style=\"font-weight: 400;\">En gr\u00f6nare ledare, en person som genuint \u00e4r likv\u00e4rdig b\u00e5de upp\u00e5t och ned\u00e5t i organisationsschemat.<\/span><\/p><p><span style=\"font-weight: 400;\">Vad g\u00e4ller regelverk kommer ledaren att skapa tydlighet i det som g\u00e4ller.<\/span><\/p><p><span style=\"font-weight: 400;\">Ett gr\u00f6nare ledarskap efterstr\u00e4var att leda i likv\u00e4rdighet och \u00e4r tillitsskapande, vilket inneb\u00e4r ett relationsorienterat ledarskap. Denne ledare \u00e4r naturligt observant p\u00e5 eventuella k\u00e4nsloreaktioner och lyfter detta f\u00f6r hela gruppen, arbetet f\u00e5r pausa. Ledaren vet intuativt att den som reagerat beh\u00f6ver bli sedd och lyssnad till. Att detta som en f\u00f6ljd medf\u00f6r att arbetet sedan f\u00e5r f\u00f6ruts\u00e4ttningar f\u00f6r effektivitet \u00e4r inte avsikten med att agerandet, utan en genuin respekt f\u00f6r den andra m\u00e4nniskan.<\/span><\/p><p><span style=\"font-weight: 400;\">Det \u00f6verordnade mandatet och ansvaret inneb\u00e4r att tj\u00e4na gruppmedlemmarna, b\u00e5de som medm\u00e4nniskor och i att l\u00f6sa arbetsuppgifter.<\/span><\/p><p><span style=\"font-weight: 400;\">F\u00f6r en gr\u00f6nare ledare \u00e4r metodiken naturlig.<\/span><\/p>\t\t\t\t\t\t\t\t<\/div>\n\t\t\t\t<\/div>\n\t\t\t\t<\/div>\n\t\t\t\t\t<\/div>\n\t\t\t\t<\/div>\n\t\t\t\t<\/div>","protected":false},"excerpt":{"rendered":"<div class=\"tmnf_excerpt\"><p>En ledares transformering , f\u00f6rskjutning i Egenv\u00e4rdesTriangeln\u00ae och d\u00f6rrpositioner i RelationsDjup\u00ae s\u00e4tter en stark pr\u00e4gel p\u00e5 grupputvecklingen. En r\u00f6dare ledare, en person som upplevelser sig vara f\u00f6rmer, kommer att anv\u00e4nda de maktmedel som st\u00e5r till buds f\u00f6r att ta, beh\u00e5lla och f\u00f6rst\u00e4rka kontrollen \u00f6ver de andra. F\u00f6r denna person \u00e4r det efterstr\u00e4vansv\u00e4rt med en \u00f6verordnad &hellip;<\/p>\n<\/div>","protected":false},"author":3,"featured_media":541,"parent":0,"menu_order":0,"comment_status":"closed","ping_status":"closed","template":"","meta":{"footnotes":""},"class_list":["post-512","page","type-page","status-publish","has-post-thumbnail","hentry"],"_links":{"self":[{"href":"https:\/\/www.grouptopia.org\/en\/wp-json\/wp\/v2\/pages\/512","targetHints":{"allow":["GET"]}}],"collection":[{"href":"https:\/\/www.grouptopia.org\/en\/wp-json\/wp\/v2\/pages"}],"about":[{"href":"https:\/\/www.grouptopia.org\/en\/wp-json\/wp\/v2\/types\/page"}],"author":[{"embeddable":true,"href":"https:\/\/www.grouptopia.org\/en\/wp-json\/wp\/v2\/users\/3"}],"replies":[{"embeddable":true,"href":"https:\/\/www.grouptopia.org\/en\/wp-json\/wp\/v2\/comments?post=512"}],"version-history":[{"count":25,"href":"https:\/\/www.grouptopia.org\/en\/wp-json\/wp\/v2\/pages\/512\/revisions"}],"predecessor-version":[{"id":2369,"href":"https:\/\/www.grouptopia.org\/en\/wp-json\/wp\/v2\/pages\/512\/revisions\/2369"}],"wp:featuredmedia":[{"embeddable":true,"href":"https:\/\/www.grouptopia.org\/en\/wp-json\/wp\/v2\/media\/541"}],"wp:attachment":[{"href":"https:\/\/www.grouptopia.org\/en\/wp-json\/wp\/v2\/media?parent=512"}],"curies":[{"name":"wp","href":"https:\/\/api.w.org\/{rel}","templated":true}]}}